{"id":208,"date":"2022-01-06T18:15:34","date_gmt":"2022-01-06T18:15:34","guid":{"rendered":"http:\/\/nowa.parafia-czersk.pl\/word2\/?page_id=208"},"modified":"2024-08-07T08:49:56","modified_gmt":"2024-08-07T08:49:56","slug":"osoba-pierwszego-kontaktu","status":"publish","type":"page","link":"https:\/\/www.parafia-czersk.pl\/?page_id=208","title":{"rendered":"Standardy Ochrony Ma\u0142oletnich"},"content":{"rendered":"<h2>Osoba Pierwszego Kontaktu<\/h2>\n<p style=\"text-align: justify;\">Od czerw\u00adca 2020 roku obo\u00adwi\u0105\u00adzu\u00adj\u0105 w&nbsp;naszej die\u00adce\u00adzji Wytycz\u00adne doty\u00adcz\u0105\u00adce ochro\u00adny dzie\u00adci i&nbsp;m\u0142o\u00addzie\u00ad\u017cy. Jed\u00adnym z&nbsp;ele\u00admen\u00adt\u00f3w budo\u00adwa\u00adnia sys\u00adte\u00admu prewen\u00adcji jest powo\u00ad\u0142a\u00adnie w&nbsp;ka\u017c\u00addej para\u00adfii, szko\u00adle kato\u00adlic\u00adkiej czy innej insty\u00adtu\u00adcji ko\u015bciel\u00adnej tzw. oso\u00adby pierw\u00adsze\u00adgo kon\u00adtak\u00adtu. W&nbsp;przy\u00adpad\u00adku zauwa\u017ca\u00adnia sygna\u00ad\u0142\u00f3w krzyw\u00addze\u00adnia dziec\u00adka w&nbsp;\u015bro\u00addo\u00adwi\u00adsku ko\u015bciel\u00adnym \u2013 poza obo\u00adwi\u0105z\u00adka\u00admi wyni\u00adka\u00adj\u0105\u00adcy\u00admi z&nbsp;pra\u00adwa pa\u0144\u00adstwo\u00adwe\u00adgo \u2013 nale\u00ad\u017cy powia\u00addomi\u0107 Dele\u00adga\u00adta Bisku\u00adpa Pel\u00adpli\u0144\u00adskie\u00adgo ds. Ochro\u00adny Dzie\u00adci i&nbsp;M\u0142odzie\u00ad\u017cy lub zwr\u00f3\u00adci\u0107 si\u0119 do oso\u00adby pierw\u00adsze\u00adgo kon\u00adtak\u00adtu. W&nbsp;naszej para\u00adfii jest ni\u0105 p.<strong> Ewa Mil\u00adke<\/strong><b>, kt\u00f3\u00adrej ema\u00adil znaj\u00addu\u00adje si\u0119 <a href=\"mailto:ewaczersk@wp.pl\">tutaj<\/a><\/b><\/p>\n<p><img loading=\"lazy\" decoding=\"async\" class=\"alignnone wp-image-1663 size-full\" src=\"https:\/\/www.parafia-czersk.pl\/word2\/wp-content\/uploads\/2024\/07\/5_Standardy_Ochrony_Dzieci_propozycja-grafiki.png\" alt width=\"2000\" height=\"1414\" srcset=\"https:\/\/www.parafia-czersk.pl\/word2\/wp-content\/uploads\/2024\/07\/5_Standardy_Ochrony_Dzieci_propozycja-grafiki.png 2000w, https:\/\/www.parafia-czersk.pl\/word2\/wp-content\/uploads\/2024\/07\/5_Standardy_Ochrony_Dzieci_propozycja-grafiki-300x212.png 300w, https:\/\/www.parafia-czersk.pl\/word2\/wp-content\/uploads\/2024\/07\/5_Standardy_Ochrony_Dzieci_propozycja-grafiki-1024x724.png 1024w, https:\/\/www.parafia-czersk.pl\/word2\/wp-content\/uploads\/2024\/07\/5_Standardy_Ochrony_Dzieci_propozycja-grafiki-768x543.png 768w, https:\/\/www.parafia-czersk.pl\/word2\/wp-content\/uploads\/2024\/07\/5_Standardy_Ochrony_Dzieci_propozycja-grafiki-1536x1086.png 1536w, https:\/\/www.parafia-czersk.pl\/word2\/wp-content\/uploads\/2024\/07\/5_Standardy_Ochrony_Dzieci_propozycja-grafiki-424x300.png 424w\" sizes=\"auto, (max-width: 2000px) 100vw, 2000px\"><\/p>\n<div class=\"shortcode\">\n<div class=\"wp-block-pdfp-pdf-poster  alignnone\" id=\"block-2\" data-attributes=\"{&quot;uniqueId&quot;:&quot;pdfp1&quot;,&quot;file&quot;:&quot;https:\\\/\\\/www.parafia-czersk.pl\\\/word2\\\/wp-content\\\/uploads\\\/2024\\\/08\\\/standardykk.pdf&quot;,&quot;title&quot;:&quot;Standardy Ochrony Ma\\u0142oletnich&quot;,&quot;height&quot;:&quot;842px&quot;,&quot;width&quot;:&quot;100%&quot;,&quot;print&quot;:true,&quot;fullscreenButton&quot;:true,&quot;fullscreenButtonText&quot;:&quot;Pe\\u0142en ekran&quot;,&quot;newWindow&quot;:false,&quot;showName&quot;:false,&quot;downloadButton&quot;:true,&quot;downloadButtonText&quot;:&quot;Download File&quot;,&quot;protect&quot;:false,&quot;onlyPDF&quot;:false,&quot;defaultBrowser&quot;:false,&quot;thumbMenu&quot;:false,&quot;initialPage&quot;:&quot;1&quot;,&quot;sidebarOpen&quot;:false,&quot;lastVersion&quot;:false,&quot;hrScroll&quot;:false,&quot;alert&quot;:false,&quot;btnStyles&quot;:{&quot;background&quot;:&quot;#1e73be&quot;,&quot;color&quot;:&quot;#fff&quot;,&quot;fontSize&quot;:&quot;1rem&quot;,&quot;padding&quot;:{&quot;top&quot;:10,&quot;right&quot;:20,&quot;bottom&quot;:10,&quot;left&quot;:10}},&quot;popupOptions&quot;:{&quot;enabled&quot;:0,&quot;text&quot;:&quot;Open PDF&quot;,&quot;triggerType&quot;:&quot;button&quot;,&quot;image&quot;:&quot;&quot;,&quot;imageHeight&quot;:&quot;200px&quot;,&quot;imageWidth&quot;:&quot;300px&quot;,&quot;imagePdfIcon&quot;:true,&quot;triggerAlignment&quot;:&quot;center&quot;,&quot;btnStyle&quot;:{&quot;background&quot;:&quot;#1e73be&quot;,&quot;color&quot;:&quot;#fff&quot;,&quot;fontSize&quot;:&quot;1rem&quot;,&quot;padding&quot;:{&quot;top&quot;:10,&quot;right&quot;:20,&quot;bottom&quot;:10,&quot;left&quot;:10}}},&quot;actionsPosition&quot;:&quot;top&quot;,&quot;socialShare&quot;:{&quot;enabled&quot;:false,&quot;facebook&quot;:false,&quot;twitter&quot;:false,&quot;linkedin&quot;:false,&quot;pinterest&quot;:false,&quot;position&quot;:&quot;top&quot;},&quot;adobeEmbedder&quot;:false,&quot;align&quot;:&quot;none&quot;,&quot;alignment&quot;:&quot;left&quot;,&quot;titleFontSize&quot;:&quot;16px&quot;,&quot;isHideRightToolbar&quot;:false,&quot;additional&quot;:{&quot;ID&quot;:&quot;&quot;,&quot;Class&quot;:&quot;&quot;,&quot;CSS&quot;:&quot;&quot;},&quot;adobeOptions&quot;:{&quot;showDownloadPDF&quot;:true,&quot;showPrintPDF&quot;:true,&quot;showAnnotationTools&quot;:true,&quot;showFullScreen&quot;:false,&quot;embedMode&quot;:&quot;SIZED_CONTAINER&quot;},&quot;popupBtnStyle&quot;:{&quot;background&quot;:&quot;#2271b1&quot;,&quot;color&quot;:&quot;#fff&quot;,&quot;padding&quot;:{&quot;top&quot;:10,&quot;right&quot;:20,&quot;bottom&quot;:10,&quot;left&quot;:10}},&quot;popupBtnText&quot;:&quot;Open Document&quot;,&quot;CSS&quot;:&quot;&quot;,&quot;isPremium&quot;:false}\" style=\"text-align: left\">\n            <div class=\"pdfp_loading_placeholder\" style=\"height: 842px; width: 100%; display: flex; align-items: center; justify-content: center; background: #f5f5f5; border: 1px solid #ddd;\">\n             <p>Loading Vie\u00adwer\u2026<\/p>\n        <\/div>\n    <\/div>\n<\/div>\n<div>\n<div class=\"shortcode\">\n<div class=\"wp-block-pdfp-pdf-poster  alignnone\" id=\"block-4\" data-attributes=\"{&quot;uniqueId&quot;:&quot;pdfp3&quot;,&quot;file&quot;:&quot;https:\\\/\\\/www.parafia-czersk.pl\\\/word2\\\/wp-content\\\/uploads\\\/2024\\\/07\\\/4_skrot_standardow_ochrony_maloletnich_w_parafii.pdf&quot;,&quot;title&quot;:&quot;Standardy Ochrony Ma\\u0142oletnich&quot;,&quot;height&quot;:&quot;842px&quot;,&quot;width&quot;:&quot;100%&quot;,&quot;print&quot;:true,&quot;fullscreenButton&quot;:true,&quot;fullscreenButtonText&quot;:&quot;Pe\\u0142en ekran&quot;,&quot;newWindow&quot;:false,&quot;showName&quot;:false,&quot;downloadButton&quot;:true,&quot;downloadButtonText&quot;:&quot;Download File&quot;,&quot;protect&quot;:false,&quot;onlyPDF&quot;:false,&quot;defaultBrowser&quot;:false,&quot;thumbMenu&quot;:false,&quot;initialPage&quot;:&quot;1&quot;,&quot;sidebarOpen&quot;:false,&quot;lastVersion&quot;:false,&quot;hrScroll&quot;:false,&quot;alert&quot;:false,&quot;btnStyles&quot;:{&quot;background&quot;:&quot;#1e73be&quot;,&quot;color&quot;:&quot;#fff&quot;,&quot;fontSize&quot;:&quot;1rem&quot;,&quot;padding&quot;:{&quot;top&quot;:10,&quot;right&quot;:20,&quot;bottom&quot;:10,&quot;left&quot;:10}},&quot;popupOptions&quot;:{&quot;enabled&quot;:0,&quot;text&quot;:&quot;Open PDF&quot;,&quot;triggerType&quot;:&quot;button&quot;,&quot;image&quot;:&quot;&quot;,&quot;imageHeight&quot;:&quot;200px&quot;,&quot;imageWidth&quot;:&quot;300px&quot;,&quot;imagePdfIcon&quot;:true,&quot;triggerAlignment&quot;:&quot;center&quot;,&quot;btnStyle&quot;:{&quot;background&quot;:&quot;#1e73be&quot;,&quot;color&quot;:&quot;#fff&quot;,&quot;fontSize&quot;:&quot;1rem&quot;,&quot;padding&quot;:{&quot;top&quot;:10,&quot;right&quot;:20,&quot;bottom&quot;:10,&quot;left&quot;:10}}},&quot;actionsPosition&quot;:&quot;top&quot;,&quot;socialShare&quot;:{&quot;enabled&quot;:false,&quot;facebook&quot;:false,&quot;twitter&quot;:false,&quot;linkedin&quot;:false,&quot;pinterest&quot;:false,&quot;position&quot;:&quot;top&quot;},&quot;adobeEmbedder&quot;:false,&quot;align&quot;:&quot;none&quot;,&quot;alignment&quot;:&quot;left&quot;,&quot;titleFontSize&quot;:&quot;16px&quot;,&quot;isHideRightToolbar&quot;:false,&quot;additional&quot;:{&quot;ID&quot;:&quot;&quot;,&quot;Class&quot;:&quot;&quot;,&quot;CSS&quot;:&quot;&quot;},&quot;adobeOptions&quot;:{&quot;showDownloadPDF&quot;:true,&quot;showPrintPDF&quot;:true,&quot;showAnnotationTools&quot;:true,&quot;showFullScreen&quot;:false,&quot;embedMode&quot;:&quot;SIZED_CONTAINER&quot;},&quot;popupBtnStyle&quot;:{&quot;background&quot;:&quot;#2271b1&quot;,&quot;color&quot;:&quot;#fff&quot;,&quot;padding&quot;:{&quot;top&quot;:10,&quot;right&quot;:20,&quot;bottom&quot;:10,&quot;left&quot;:10}},&quot;popupBtnText&quot;:&quot;Open Document&quot;,&quot;CSS&quot;:&quot;&quot;,&quot;isPremium&quot;:false}\" style=\"text-align: left\">\n            <div class=\"pdfp_loading_placeholder\" style=\"height: 842px; width: 100%; display: flex; align-items: center; justify-content: center; background: #f5f5f5; border: 1px solid #ddd;\">\n             <p>Loading Vie\u00adwer\u2026<\/p>\n        <\/div>\n    <\/div>\n<\/div>\n<div>\n<p><strong>DELEGAT BISKUPA PELPLI\u0143SKIEGO DS. OCHRONY DZIECI I&nbsp;M\u0141ODZIE\u017bY<\/strong><\/p>\n<p>ks. kano\u00adnik dr Adam Ka\u0142du\u0144ski<\/p>\n<p>58 536 12 21 wew.&nbsp;338<\/p>\n<p>576 877&nbsp;977<\/p>\n<p>kanclerz@diecezja-pelplin.pl<\/p>\n<p><strong>DUSZPASTERZ DS. POMOCY DUCHOWEJ OFIAROM PRZEST\u0118PSTW PEDOFILII, ICH RODZINOM ORAZ WSP\u00d3LNOTOM LOKALNYM, ZRANIONYM PRZEST\u0118PSTWEM<\/strong><\/p>\n<p>ks. mgr lic. Andrzej \u017bur<\/p>\n<p>azur@pelplin.opoka.org.pl<\/p>\n<p><strong>KURATOR DUCHOWNYCH OSKAR\u017bONYCH O&nbsp;PRZEST\u0118PSTWA WOBEC MA\u0141OLETNICH<\/strong><\/p>\n<p>ks. kano\u00adnik dr Adam Ka\u0142du\u0144ski<\/p>\n<p><strong>ZESP\u00d3\u0141 DS. PREWENCJI<\/strong><\/p>\n<p>bp dr Arka\u00addiusz&nbsp;OKROJ<\/p>\n<p>Ewa Chy\u00ad\u0142a<\/p>\n<p>ks. dr Arka\u00addiusz Drzycimski<\/p>\n<p>Kry\u00adsty\u00adna Dudzis<\/p>\n<p>Doro\u00adta Gorczyca<\/p>\n<p>ks. dr Adam Ka\u0142du\u0144ski<\/p>\n<p>Doro\u00adta Kamrowska<\/p>\n<p>Rafa\u0142 Mali\u00adszew\u00adski<\/p>\n<p>ks. dr \u0141ukasz Simi\u0144ski<\/p>\n<p>ks. mgr lic. Andrzej \u017bur<\/p>\n<p><strong>OSOBA ZAUFANIA W&nbsp;PARAFII<\/strong><\/p>\n<p>Ewa Mil\u00adke, ema\u00adil: ewaczersk@wp.pl<\/p>\n<\/div>\n<\/div>\n","protected":false},"excerpt":{"rendered":"<p>Oso\u00adba Pierw\u00adsze\u00adgo Kon\u00adtak\u00adtu Od czerw\u00adca 2020 roku obo\u00adwi\u0105\u00adzu\u00adj\u0105 w&nbsp;naszej die\u00adce\u00adzji Wytycz\u00adne doty\u00adcz\u0105\u00adce ochro\u00adny dzie\u00adci i&nbsp;m\u0142o\u00addzie\u00ad\u017cy. Jed\u00adnym z&nbsp;ele\u00admen\u00adt\u00f3w budo\u00adwa\u00adnia sys\u00adte\u00admu prewen\u00adcji jest powo\u00ad\u0142a\u00adnie w&nbsp;ka\u017c\u00addej para\u00adfii, szko\u00adle kato\u00adlic\u00adkiej czy innej insty\u00adtu\u00adcji ko\u015bciel\u00adnej tzw. oso\u00adby pierw\u00adsze\u00adgo kon\u00adtak\u00adtu. W&nbsp;przy\u00adpad\u00adku zauwa\u017ca\u00adnia sygna\u00ad\u0142\u00f3w krzyw\u00addze\u00adnia dziec\u00adka w&nbsp;\u015bro\u00addo\u00adwi\u00adsku \u2026 <a href=\"https:\/\/www.parafia-czersk.pl\/?page_id=208\">Czy\u00adtaj dalej <span class=\"meta-nav\">\u2192<\/span><\/a><\/p>\n","protected":false},"author":1,"featured_media":50,"parent":0,"menu_order":0,"comment_status":"closed","ping_status":"closed","template":"","meta":{"pagelayer_contact_templates":[],"_pagelayer_content":"","wp_typography_post_enhancements_disabled":false,"footnotes":""},"class_list":["post-208","page","type-page","status-publish","has-post-thumbnail","hentry"],"aioseo_notices":[],"_links":{"self":[{"href":"https:\/\/www.parafia-czersk.pl\/index.php?rest_route=\/wp\/v2\/pages\/208","targetHints":{"allow":["GET"]}}],"collection":[{"href":"https:\/\/www.parafia-czersk.pl\/index.php?rest_route=\/wp\/v2\/pages"}],"about":[{"href":"https:\/\/www.parafia-czersk.pl\/index.php?rest_route=\/wp\/v2\/types\/page"}],"author":[{"embeddable":true,"href":"https:\/\/www.parafia-czersk.pl\/index.php?rest_route=\/wp\/v2\/users\/1"}],"replies":[{"embeddable":true,"href":"https:\/\/www.parafia-czersk.pl\/index.php?rest_route=%2Fwp%2Fv2%2Fcomments&post=208"}],"version-history":[{"count":10,"href":"https:\/\/www.parafia-czersk.pl\/index.php?rest_route=\/wp\/v2\/pages\/208\/revisions"}],"predecessor-version":[{"id":1735,"href":"https:\/\/www.parafia-czersk.pl\/index.php?rest_route=\/wp\/v2\/pages\/208\/revisions\/1735"}],"wp:featuredmedia":[{"embeddable":true,"href":"https:\/\/www.parafia-czersk.pl\/index.php?rest_route=\/wp\/v2\/media\/50"}],"wp:attachment":[{"href":"https:\/\/www.parafia-czersk.pl\/index.php?rest_route=%2Fwp%2Fv2%2Fmedia&parent=208"}],"curies":[{"name":"wp","href":"https:\/\/api.w.org\/{rel}","templated":true}]}}