{"id":241,"date":"2022-01-06T19:57:59","date_gmt":"2022-01-06T19:57:59","guid":{"rendered":"http:\/\/nowa.parafia-czersk.pl\/word2\/?page_id=241"},"modified":"2022-04-08T15:53:25","modified_gmt":"2022-04-08T15:53:25","slug":"odnowa-w-duchu-swietym","status":"publish","type":"page","link":"https:\/\/www.parafia-czersk.pl\/?page_id=241","title":{"rendered":"ODNOWA W&nbsp;DUCHU \u015aWI\u0118TYM \u201eWIECZERNIK\u201d"},"content":{"rendered":"<p><span style=\"font-family: Book Antiqua, serif;\">Opie\u00adkun \u2013 ks. Damian Klajst<\/span><\/p>\n<p><span style=\"font-family: Book Antiqua, serif;\">Lider\u00adka \u2013 Ilo\u00adna Kie\u0142pi\u0144ska<\/span><\/p>\n<p style=\"text-align: justify;\"><span class=\"sd-abs-pos\">&nbsp;<\/span><span class=\"sd-abs-pos\"><img loading=\"lazy\" decoding=\"async\" class=\"size-medium wp-image-409 alignleft\" src=\"http:\/\/parafia-czersk.pl\/word2\/wp-content\/uploads\/2022\/04\/Odnowa-1-300x298.jpg\" alt width=\"300\" height=\"298\" srcset=\"https:\/\/www.parafia-czersk.pl\/word2\/wp-content\/uploads\/2022\/04\/Odnowa-1-300x298.jpg 300w, https:\/\/www.parafia-czersk.pl\/word2\/wp-content\/uploads\/2022\/04\/Odnowa-1-150x150.jpg 150w, https:\/\/www.parafia-czersk.pl\/word2\/wp-content\/uploads\/2022\/04\/Odnowa-1-302x300.jpg 302w, https:\/\/www.parafia-czersk.pl\/word2\/wp-content\/uploads\/2022\/04\/Odnowa-1.jpg 396w\" sizes=\"auto, (max-width: 300px) 100vw, 300px\">&nbsp;<\/span> <span style=\"font-family: Book Antiqua, serif;\">Wsp\u00f3l\u00adno\u00adta powsta\u00ad\u0142a w&nbsp;1995 r. i&nbsp;obec\u00adnie liczy 40 cz\u0142on\u00adk\u00f3w. Spo\u00adtka\u00adnia modli\u00adtew\u00adne i&nbsp;for\u00adma\u00adcyj\u00adne odby\u00adwa\u00adj\u0105 si\u0119 w&nbsp;ka\u017c\u00addy czwar\u00adtek po wie\u00adczor\u00adnej mszy \u015bw. Sk\u0142a\u00adda si\u0119 z&nbsp;dia\u00adko\u00adnii wsta\u00adwien\u00adni\u00adczej, kt\u00f3\u00adrej ani\u00adma\u00adto\u00adrem jest Roman Sto\u00adsik oraz dia\u00adko\u00adnii muzycz\u00adnej, kt\u00f3\u00adrej ani\u00adma\u00adtor\u00adk\u0105 jest Jolan\u00adta Grab\u00adska. Isto\u00adt\u0105 spo\u00adtka\u0144 jest pog\u0142\u0119\u00adbie\u00adnie rela\u00adcji z&nbsp;Bogiem poprzez roz\u00adwa\u00ad\u017ca\u00adnie Pisma \u015bw., modli\u00adtw\u0119 wsp\u00f3l\u00adno\u00adto\u00adw\u0105 oraz ado\u00adra\u00adcj\u0119 Naj\u00ad\u015bwi\u0119t\u00adsze\u00adgo Sakra\u00admen\u00adtu. Cz\u0142on\u00adko\u00adwie Odno\u00adwy aktyw\u00adnie uczest\u00adni\u00adcz\u0105 w&nbsp;\u017cyciu litur\u00adgicz\u00adnym para\u00adfii: opra\u00adwa mszy \u015bw. w&nbsp;ostat\u00adni\u0105 nie\u00addzie\u00adl\u0119 mie\u00adsi\u0105\u00adca, nabo\u00ad\u017ce\u0144\u00adstwa fatim\u00adskie, Dro\u00adgi Krzy\u00ad\u017co\u00adwe, odpust para\u00adfial\u00adny, do\u017cyn\u00adki itp. Orga\u00adni\u00adzu\u00adj\u0105 reko\u00adlek\u00adcje \u201eFilip\u201d i \u201eMary\u00adja\u201d oraz anga\u00ad\u017cu\u00adj\u0105 si\u0119 w&nbsp;reko\u00adlek\u00adcje dla kan\u00addy\u00adda\u00adt\u00f3w do bierz\u00admo\u00adwa\u00adnia (tzw. GPS) oraz week\u00aden\u00addy dla narze\u00adczo\u00adnych. W&nbsp;listo\u00adpa\u00addzie 2021 r. zor\u00adga\u00adni\u00adzo\u00adwa\u00adli w&nbsp;Czer\u00adsku die\u00adce\u00adzjal\u00adne spo\u00adtka\u00adnie lide\u00adr\u00f3w i&nbsp;kap\u0142a\u00adn\u00f3w (opie\u00adku\u00adn\u00f3w) wsp\u00f3l\u00adnot Odno\u00adwy w&nbsp;Duchu \u015awi\u0119\u00adtym. Wsp\u00f3l\u00adno\u00adta posia\u00adda w\u0142a\u00adsn\u0105 stro\u00adn\u0119 inter\u00adne\u00adto\u00adw\u0105: <\/span> <a href=\"http:\/\/wieczernik.pl.tl\">wieczernik.pl.tl<\/a><\/p>\n\n\t\t<style type=\"text\/css\">\n\t\t\t#gallery-1 {\n\t\t\t\tmargin: auto;\n\t\t\t}\n\t\t\t#gallery-1 .gallery-item {\n\t\t\t\tfloat: left;\n\t\t\t\tmargin-top: 10px;\n\t\t\t\ttext-align: center;\n\t\t\t\twidth: 33%;\n\t\t\t}\n\t\t\t#gallery-1 img {\n\t\t\t\tborder: 2px solid #cfcfcf;\n\t\t\t}\n\t\t\t#gallery-1 .gallery-caption {\n\t\t\t\tmargin-left: 0;\n\t\t\t}\n\t\t\t\/* see gallery_shortcode() in wp-includes\/media.php *\/\n\t\t<\/style>\n\t\t<div id=\"gallery-1\" class=\"gallery galleryid-241 gallery-columns-3 gallery-size-thumbnail\"><dl class=\"gallery-item\">\n\t\t\t<dt class=\"gallery-icon landscape\">\n\t\t\t\t<a href=\"https:\/\/www.parafia-czersk.pl\/word2\/wp-content\/uploads\/2022\/04\/Odnowa-8.jpg\" rel=\"lightbox[gallery-0]\"><img loading=\"lazy\" decoding=\"async\" width=\"150\" height=\"150\" src=\"https:\/\/www.parafia-czersk.pl\/word2\/wp-content\/uploads\/2022\/04\/Odnowa-8-150x150.jpg\" class=\"attachment-thumbnail size-thumbnail\" alt><\/a>\n\t\t\t<\/dt><\/dl><dl class=\"gallery-item\">\n\t\t\t<dt class=\"gallery-icon landscape\">\n\t\t\t\t<a href=\"https:\/\/www.parafia-czersk.pl\/word2\/wp-content\/uploads\/2022\/04\/Odnowa-7.jpg\" rel=\"lightbox[gallery-0]\"><img loading=\"lazy\" decoding=\"async\" width=\"150\" height=\"150\" src=\"https:\/\/www.parafia-czersk.pl\/word2\/wp-content\/uploads\/2022\/04\/Odnowa-7-150x150.jpg\" class=\"attachment-thumbnail size-thumbnail\" alt><\/a>\n\t\t\t<\/dt><\/dl><dl class=\"gallery-item\">\n\t\t\t<dt class=\"gallery-icon landscape\">\n\t\t\t\t<a href=\"https:\/\/www.parafia-czersk.pl\/word2\/wp-content\/uploads\/2022\/04\/Odnowa-6.png\" rel=\"lightbox[gallery-0]\"><img loading=\"lazy\" decoding=\"async\" width=\"150\" height=\"150\" src=\"https:\/\/www.parafia-czersk.pl\/word2\/wp-content\/uploads\/2022\/04\/Odnowa-6-150x150.png\" class=\"attachment-thumbnail size-thumbnail\" alt><\/a>\n\t\t\t<\/dt><\/dl><br style=\"clear: both\"><dl class=\"gallery-item\">\n\t\t\t<dt class=\"gallery-icon landscape\">\n\t\t\t\t<a href=\"https:\/\/www.parafia-czersk.pl\/word2\/wp-content\/uploads\/2022\/04\/Odnowa-5.jpg\" rel=\"lightbox[gallery-0]\"><img loading=\"lazy\" decoding=\"async\" width=\"150\" height=\"150\" src=\"https:\/\/www.parafia-czersk.pl\/word2\/wp-content\/uploads\/2022\/04\/Odnowa-5-150x150.jpg\" class=\"attachment-thumbnail size-thumbnail\" alt><\/a>\n\t\t\t<\/dt><\/dl><dl class=\"gallery-item\">\n\t\t\t<dt class=\"gallery-icon landscape\">\n\t\t\t\t<a href=\"https:\/\/www.parafia-czersk.pl\/word2\/wp-content\/uploads\/2022\/04\/Odnowa-4.jpg\" rel=\"lightbox[gallery-0]\"><img loading=\"lazy\" decoding=\"async\" width=\"150\" height=\"150\" src=\"https:\/\/www.parafia-czersk.pl\/word2\/wp-content\/uploads\/2022\/04\/Odnowa-4-150x150.jpg\" class=\"attachment-thumbnail size-thumbnail\" alt><\/a>\n\t\t\t<\/dt><\/dl><dl class=\"gallery-item\">\n\t\t\t<dt class=\"gallery-icon landscape\">\n\t\t\t\t<a href=\"https:\/\/www.parafia-czersk.pl\/word2\/wp-content\/uploads\/2022\/04\/Odnowa-3.jpg\" rel=\"lightbox[gallery-0]\"><img loading=\"lazy\" decoding=\"async\" width=\"150\" height=\"150\" src=\"https:\/\/www.parafia-czersk.pl\/word2\/wp-content\/uploads\/2022\/04\/Odnowa-3-150x150.jpg\" class=\"attachment-thumbnail size-thumbnail\" alt><\/a>\n\t\t\t<\/dt><\/dl><br style=\"clear: both\"><dl class=\"gallery-item\">\n\t\t\t<dt class=\"gallery-icon portrait\">\n\t\t\t\t<a href=\"https:\/\/www.parafia-czersk.pl\/word2\/wp-content\/uploads\/2022\/04\/Odnowa-2.jpg\" rel=\"lightbox[gallery-0]\"><img loading=\"lazy\" decoding=\"async\" width=\"150\" height=\"150\" src=\"https:\/\/www.parafia-czersk.pl\/word2\/wp-content\/uploads\/2022\/04\/Odnowa-2-150x150.jpg\" class=\"attachment-thumbnail size-thumbnail\" alt><\/a>\n\t\t\t<\/dt><\/dl>\n\t\t\t<br style=\"clear: both\">\n\t\t<\/div>\n\n","protected":false},"excerpt":{"rendered":"<p>Opie\u00adkun \u2013 ks. Damian Klajst Lider\u00adka \u2013 Ilo\u00adna Kie\u0142\u00adpi\u0144\u00adska &nbsp;&nbsp; Wsp\u00f3l\u00adno\u00adta powsta\u00ad\u0142a w&nbsp;1995 r. i&nbsp;obec\u00adnie liczy 40 cz\u0142on\u00adk\u00f3w. Spo\u00adtka\u00adnia modli\u00adtew\u00adne i&nbsp;for\u00adma\u00adcyj\u00adne odby\u00adwa\u00adj\u0105 si\u0119 w&nbsp;ka\u017c\u00addy czwar\u00adtek po wie\u00adczor\u00adnej mszy \u015bw. Sk\u0142a\u00adda si\u0119 z&nbsp;dia\u00adko\u00adnii wsta\u00adwien\u00adni\u00adczej, kt\u00f3\u00adrej ani\u00adma\u00adto\u00adrem jest Roman Sto\u00adsik oraz dia\u00adko\u00adnii \u2026 <a href=\"https:\/\/www.parafia-czersk.pl\/?page_id=241\">Czy\u00adtaj dalej <span class=\"meta-nav\">\u2192<\/span><\/a><\/p>\n","protected":false},"author":1,"featured_media":0,"parent":29,"menu_order":0,"comment_status":"closed","ping_status":"closed","template":"","meta":{"pagelayer_contact_templates":[],"_pagelayer_content":"","wp_typography_post_enhancements_disabled":false,"footnotes":""},"class_list":["post-241","page","type-page","status-publish","hentry"],"aioseo_notices":[],"_links":{"self":[{"href":"https:\/\/www.parafia-czersk.pl\/index.php?rest_route=\/wp\/v2\/pages\/241","targetHints":{"allow":["GET"]}}],"collection":[{"href":"https:\/\/www.parafia-czersk.pl\/index.php?rest_route=\/wp\/v2\/pages"}],"about":[{"href":"https:\/\/www.parafia-czersk.pl\/index.php?rest_route=\/wp\/v2\/types\/page"}],"author":[{"embeddable":true,"href":"https:\/\/www.parafia-czersk.pl\/index.php?rest_route=\/wp\/v2\/users\/1"}],"replies":[{"embeddable":true,"href":"https:\/\/www.parafia-czersk.pl\/index.php?rest_route=%2Fwp%2Fv2%2Fcomments&post=241"}],"version-history":[{"count":5,"href":"https:\/\/www.parafia-czersk.pl\/index.php?rest_route=\/wp\/v2\/pages\/241\/revisions"}],"predecessor-version":[{"id":419,"href":"https:\/\/www.parafia-czersk.pl\/index.php?rest_route=\/wp\/v2\/pages\/241\/revisions\/419"}],"up":[{"embeddable":true,"href":"https:\/\/www.parafia-czersk.pl\/index.php?rest_route=\/wp\/v2\/pages\/29"}],"wp:attachment":[{"href":"https:\/\/www.parafia-czersk.pl\/index.php?rest_route=%2Fwp%2Fv2%2Fmedia&parent=241"}],"curies":[{"name":"wp","href":"https:\/\/api.w.org\/{rel}","templated":true}]}}