{"id":244,"date":"2022-01-06T19:59:42","date_gmt":"2022-01-06T19:59:42","guid":{"rendered":"http:\/\/nowa.parafia-czersk.pl\/word2\/?page_id=244"},"modified":"2022-01-06T19:59:42","modified_gmt":"2022-01-06T19:59:42","slug":"katolickie-stowarzyszenie-mlodziezy","status":"publish","type":"page","link":"https:\/\/www.parafia-czersk.pl\/?page_id=244","title":{"rendered":"Katolickie Stowarzyszenie M\u0142odzie\u017cy"},"content":{"rendered":"<p style=\"text-align: justify;\">35 os\u00f3b, kt\u00f3\u00adre spo\u00adty\u00adka\u00adj\u0105 si\u0119 regu\u00adlar\u00adnie w&nbsp;ka\u017c\u00addy pi\u0105\u00adtek; bio\u00adr\u0105 udzia\u0142 w&nbsp;\u017cyciu litur\u00adgicz\u00adnym. Orga\u00adni\u00adzu\u00adj\u0105 nabo\u00ad\u017ce\u0144\u00adstwa i&nbsp;wie\u00adczor\u00adni\u00adce dla m\u0142o\u00addzie\u00ad\u017cy. Bio\u00adr\u0105 udzia\u0142 w&nbsp;pie\u00adszych piel\u00adgrzym\u00adkach na Jasn\u0105 G\u00f3r\u0119 i&nbsp;do Wie\u00adla, pro\u00adwa\u00addz\u0105 swo\u00adj\u0105 stro\u00adn\u0119 inter\u00adne\u00adto\u00adw\u0105: <a href=\"http:\/\/www.ksm-czersk.cba.pl\">ksm-czersk.cba.pl<\/a><\/p>\n","protected":false},"excerpt":{"rendered":"<p>35 os\u00f3b, kt\u00f3\u00adre spo\u00adty\u00adka\u00adj\u0105 si\u0119 regu\u00adlar\u00adnie w&nbsp;ka\u017c\u00addy pi\u0105\u00adtek; bio\u00adr\u0105 udzia\u0142 w&nbsp;\u017cyciu litur\u00adgicz\u00adnym. Orga\u00adni\u00adzu\u00adj\u0105 nabo\u00ad\u017ce\u0144\u00adstwa i&nbsp;wie\u00adczor\u00adni\u00adce dla m\u0142o\u00addzie\u00ad\u017cy. Bio\u00adr\u0105 udzia\u0142 w&nbsp;pie\u00adszych piel\u00adgrzym\u00adkach na Jasn\u0105 G\u00f3r\u0119 i&nbsp;do Wie\u00adla, pro\u00adwa\u00addz\u0105 swo\u00adj\u0105 stro\u00adn\u0119 inter\u00adne\u00adto\u00adw\u0105: ksm-czersk.cba.pl<\/p>\n","protected":false},"author":1,"featured_media":0,"parent":29,"menu_order":0,"comment_status":"closed","ping_status":"closed","template":"","meta":{"pagelayer_contact_templates":[],"_pagelayer_content":"","wp_typography_post_enhancements_disabled":false,"footnotes":""},"class_list":["post-244","page","type-page","status-publish","hentry"],"aioseo_notices":[],"_links":{"self":[{"href":"https:\/\/www.parafia-czersk.pl\/index.php?rest_route=\/wp\/v2\/pages\/244","targetHints":{"allow":["GET"]}}],"collection":[{"href":"https:\/\/www.parafia-czersk.pl\/index.php?rest_route=\/wp\/v2\/pages"}],"about":[{"href":"https:\/\/www.parafia-czersk.pl\/index.php?rest_route=\/wp\/v2\/types\/page"}],"author":[{"embeddable":true,"href":"https:\/\/www.parafia-czersk.pl\/index.php?rest_route=\/wp\/v2\/users\/1"}],"replies":[{"embeddable":true,"href":"https:\/\/www.parafia-czersk.pl\/index.php?rest_route=%2Fwp%2Fv2%2Fcomments&post=244"}],"version-history":[{"count":1,"href":"https:\/\/www.parafia-czersk.pl\/index.php?rest_route=\/wp\/v2\/pages\/244\/revisions"}],"predecessor-version":[{"id":245,"href":"https:\/\/www.parafia-czersk.pl\/index.php?rest_route=\/wp\/v2\/pages\/244\/revisions\/245"}],"up":[{"embeddable":true,"href":"https:\/\/www.parafia-czersk.pl\/index.php?rest_route=\/wp\/v2\/pages\/29"}],"wp:attachment":[{"href":"https:\/\/www.parafia-czersk.pl\/index.php?rest_route=%2Fwp%2Fv2%2Fmedia&parent=244"}],"curies":[{"name":"wp","href":"https:\/\/api.w.org\/{rel}","templated":true}]}}