{"id":3,"date":"2019-07-29T12:48:46","date_gmt":"2019-07-29T12:48:46","guid":{"rendered":"http:\/\/nowa.parafia-czersk.pl\/word2\/?page_id=3"},"modified":"2022-01-09T19:57:28","modified_gmt":"2022-01-09T19:57:28","slug":"privacy-policy","status":"publish","type":"page","link":"https:\/\/www.parafia-czersk.pl\/?page_id=3","title":{"rendered":"Polityka prywatno\u015bci"},"content":{"rendered":"<h2 style=\"text-align: justify;\">Kim jeste\u015bmy<\/h2>\n<p style=\"text-align: justify;\">Adres naszej stro\u00adny inter\u00adne\u00adto\u00adwej to: https:\/\/www.parafia-czersk.pl<\/p>\n<p style=\"text-align: center;\"><strong>PARAFIA RZYMSKOKATOLICKA&nbsp;<\/strong><br>\n<strong>W CZERSKU,&nbsp;<\/strong><br>\nul. KO\u015aCIUSZKI 34<br>\n89\u2009\u2013\u2009650 CZERSK<\/p>\n<p style=\"text-align: justify;\"><strong>Jakie dane oso\u00adbi\u00adste zbie\u00adra\u00admy i&nbsp;dla\u00adcze\u00adgo je zbieramy<\/strong><br>\n<strong>Komen\u00adta\u00adrze<\/strong><br>\nKie\u00addy odwie\u00addza\u00adj\u0105\u00adcy witry\u00adn\u0119 zosta\u00adwia komen\u00adtarz, zbie\u00adra\u00admy dane widocz\u00adne w&nbsp;for\u00admu\u00adla\u00adrzu komen\u00adto\u00adwa\u00adnia, jak i&nbsp;adres IP odwie\u00addza\u00adj\u0105\u00adce\u00adgo oraz pod\u00adpis jego prze\u00adgl\u0105\u00addar\u00adki jako pomoc przy wykry\u00adwa\u00adniu&nbsp;spamu.<\/p>\n<p style=\"text-align: justify;\">Zano\u00adni\u00admi\u00adzo\u00adwa\u00adny ci\u0105g zna\u00adk\u00f3w stwo\u00adrzo\u00adny na pod\u00adsta\u00adwie two\u00adje\u00adgo adre\u00adsu ema\u00adil (tak zwa\u00adny hash) mo\u017ce zosta\u0107 prze\u00ads\u0142a\u00adny do us\u0142u\u00adgi Gra\u00adva\u00adtar w&nbsp;celu spraw\u00addze\u00adnia czy jej u\u017cy\u00adwasz. Poli\u00adty\u00adka pry\u00adwat\u00adno\u00ad\u015bci us\u0142u\u00adgi Gra\u00adva\u00adtar jest dost\u0119p\u00adna tutaj: https:\/\/automattic.com\/privacy\/. Po zatwier\u00addze\u00adniu komen\u00adta\u00adrza tw\u00f3j obra\u00adzek pro\u00adfi\u00adlo\u00adwy jest widocz\u00adny publicz\u00adnie w&nbsp;kon\u00adtek\u00ad\u015bcie two\u00adje\u00adgo komentarza.<\/p>\n<p>Ponie\u00adwa\u017c zablo\u00adko\u00adwa\u00adli\u00ad\u015bmy mo\u017c\u00adli\u00adwo\u015b\u0107 komen\u00adto\u00adwa\u00adnia wpi\u00ads\u00f3w nie\u00adja\u00adko pro\u00adblem sam si\u0119 rozwi\u0105za\u0142.<\/p>\n<p style=\"text-align: justify;\"><strong>Media<\/strong><br>\nJe\u015bli jeste\u015b zare\u00adje\u00adstro\u00adwa\u00adnym u\u017cyt\u00adkow\u00adni\u00adkiem i&nbsp;wgry\u00adwasz na witry\u00adn\u0119 obraz\u00adki, powi\u00adnie\u00adne\u015b uni\u00adka\u0107 prze\u00adsy\u00ad\u0142a\u00adnia obraz\u00adk\u00f3w z&nbsp;taga\u00admi EXIF loka\u00adli\u00adza\u00adcji. Odwie\u00addza\u00adj\u0105\u00adcy stro\u00adn\u0119 mog\u0105 pobra\u0107 i&nbsp;odczy\u00adta\u0107 pe\u0142\u00adne dane loka\u00adli\u00adza\u00adcyj\u00adne z&nbsp;obraz\u00adk\u00f3w w&nbsp;witrynie.<\/p>\n<p style=\"text-align: justify;\"><strong>For\u00admu\u00adla\u00adrze kontaktowe<\/strong><br>\n<strong>Cia\u00adstecz\u00adka<\/strong><br>\nJe\u015bli zosta\u00adwisz na naszej witry\u00adnie komen\u00adtarz, b\u0119dziesz m\u00f3g\u0142 wybra\u0107 opcj\u0119 zapi\u00adsu two\u00adjej nazwy, adre\u00adsu ema\u00adil i&nbsp;adre\u00adsu stro\u00adny inter\u00adne\u00adto\u00adwej w&nbsp;cia\u00adstecz\u00adkach, dzi\u0119\u00adki kt\u00f3\u00adrym pod\u00adczas pisa\u00adnia kolej\u00adnych komen\u00adta\u00adrzy powy\u017c\u00adsze infor\u00adma\u00adcje b\u0119d\u0105 ju\u017c dogod\u00adnie uzu\u00adpe\u0142\u00adnio\u00adne. Te cia\u00adstecz\u00adka wyga\u00adsa\u00adj\u0105 po&nbsp;roku.<\/p>\n<p style=\"text-align: justify;\">Je\u015bli masz kon\u00adto i&nbsp;zalo\u00adgu\u00adjesz si\u0119 na tej witry\u00adnie, utwo\u00adrzy\u00admy tym\u00adcza\u00adso\u00adwe cia\u00adstecz\u00adko na potrze\u00adby spraw\u00addze\u00adnia czy two\u00adja prze\u00adgl\u0105\u00addar\u00adka akcep\u00adtu\u00adje cia\u00adstecz\u00adka. To cia\u00adstecz\u00adko nie zawie\u00adra \u017cad\u00adnych danych oso\u00adbi\u00adstych i&nbsp;zosta\u00adnie wyrzu\u00adco\u00adne kie\u00addy zamkniesz przegl\u0105dark\u0119.<\/p>\n<p style=\"text-align: justify;\">Pod\u00adczas logo\u00adwa\u00adnia two\u00adrzy\u00admy dodat\u00adko\u00adwo kil\u00adka cia\u00adste\u00adczek potrzeb\u00adnych do zapi\u00adsu two\u00adich infor\u00adma\u00adcji logo\u00adwa\u00adnia oraz wybra\u00adnych opcji ekra\u00adnu. Cia\u00adstecz\u00adka logo\u00adwa\u00adnia wyga\u00adsa\u00adj\u0105 po dw\u00f3ch dniach, a&nbsp;opcji ekra\u00adnu po roku. Je\u015bli zazna\u00adczysz opcj\u0119 \u201ePami\u0119\u00adtaj mnie\u201d, logo\u00adwa\u00adnie wyga\u00ad\u015bnie po dw\u00f3ch tygo\u00addniach. Je\u015bli wylo\u00adgu\u00adjesz si\u0119 ze swo\u00adje\u00adgo kon\u00adta, cia\u00adstecz\u00adka logo\u00adwa\u00adnia zosta\u00adn\u0105 usuni\u0119te.<\/p>\n<p style=\"text-align: justify;\">Je\u015bli zmo\u00addy\u00adfi\u00adku\u00adjesz albo opu\u00adbli\u00adku\u00adjesz arty\u00adku\u0142, w&nbsp;two\u00adjej prze\u00adgl\u0105\u00addar\u00adce zosta\u00adnie zapi\u00adsa\u00adne dodat\u00adko\u00adwe cia\u00adstecz\u00adko. To cia\u00adstecz\u00adko nie zawie\u00adra \u017cad\u00adnych danych oso\u00adbi\u00adstych, wska\u00adzu\u00adj\u0105c po pro\u00adstu na iden\u00adty\u00adfi\u00adka\u00adtor przed chwi\u00adl\u0105 edy\u00adto\u00adwa\u00adne\u00adgo arty\u00adku\u00ad\u0142u. Wyga\u00adsa ono po 1&nbsp;dniu.<\/p>\n<p style=\"text-align: justify;\"><strong>Osa\u00addzo\u00adne tre\u00ad\u015bci z&nbsp;innych witryn<\/strong><br>\nArty\u00adku\u00ad\u0142y na tej witry\u00adnie mog\u0105 zawie\u00adra\u0107 osa\u00addzo\u00adne tre\u00ad\u015bci (np. fil\u00admy, obraz\u00adki, arty\u00adku\u00ad\u0142y itp.). Osa\u00addzo\u00adne tre\u00ad\u015bci z&nbsp;innych witryn zacho\u00adwu\u00adj\u0105 si\u0119 ana\u00adlo\u00adgicz\u00adnie do tego, jak\u00adby u\u017cyt\u00adkow\u00adnik odwie\u00addzi\u0142 bez\u00adpo\u00ad\u015bred\u00adnio kon\u00adkret\u00adn\u0105 witryn\u0119.<\/p>\n<p style=\"text-align: justify;\">Te witry\u00adny mog\u0105 zbie\u00adra\u0107 infor\u00adma\u00adcj\u0119 o&nbsp;tobie, u\u017cy\u00adwa\u0107 cia\u00adste\u00adczek, do\u0142\u0105\u00adcza\u0107 dodat\u00adko\u00adwe, zewn\u0119trz\u00adne sys\u00adte\u00admy \u015ble\u00addze\u00adnia i&nbsp;moni\u00adto\u00adro\u00adwa\u0107 two\u00adje inte\u00adrak\u00adcje z&nbsp;osa\u00addzo\u00adnym mate\u00adria\u00ad\u0142em, w\u0142\u0105\u00adcza\u00adj\u0105c w&nbsp;to \u015ble\u00addze\u00adnie two\u00adich inte\u00adrak\u00adcji z&nbsp;osa\u00addzo\u00adnym mate\u00adria\u00ad\u0142em je\u015bli posia\u00addasz kon\u00adto i&nbsp;jeste\u015b zalo\u00adgo\u00adwa\u00adny w&nbsp;tam\u00adtej witrynie.<\/p>\n<p style=\"text-align: justify;\"><strong>Ana\u00adli\u00adza statystyk<\/strong><br>\n<strong>Z kim dzie\u00adli\u00admy si\u0119 danymi<\/strong><br>\n<strong>Jak d\u0142u\u00adgo prze\u00adcho\u00adwu\u00adje\u00admy two\u00adje&nbsp;dane<\/strong><br>\nJe\u015bli zosta\u00adwisz komen\u00adtarz, jego tre\u015b\u0107 i&nbsp;meta\u00adda\u00adne b\u0119d\u0105 prze\u00adcho\u00adwy\u00adwa\u00adne przez czas nie\u00adokre\u00ad\u015blo\u00adny. Dzi\u0119\u00adki temu jeste\u00ad\u015bmy w&nbsp;sta\u00adnie roz\u00adpo\u00adzna\u00adwa\u0107 i&nbsp;zatwier\u00addza\u0107 kolej\u00adne komen\u00adta\u00adrze auto\u00adma\u00adtycz\u00adnie, bez wysy\u00ad\u0142a\u00adnia ich do ka\u017c\u00addo\u00adra\u00adzo\u00adwej moderacji.<\/p>\n<p style=\"text-align: justify;\">Dla u\u017cyt\u00adkow\u00adni\u00adk\u00f3w kt\u00f3\u00adrzy zare\u00adje\u00adstro\u00adwa\u00adli si\u0119 na naszej stro\u00adnie inter\u00adne\u00adto\u00adwej (je\u015bli tacy s\u0105), prze\u00adcho\u00adwu\u00adje\u00admy r\u00f3w\u00adnie\u017c infor\u00adma\u00adcje oso\u00adbi\u00adste wpro\u00adwa\u00addzo\u00adne w&nbsp;pro\u00adfi\u00adlu. Ka\u017c\u00addy u\u017cyt\u00adkow\u00adnik mo\u017ce doko\u00adna\u0107 wgl\u0105\u00addu, korek\u00adty albo ska\u00adso\u00adwa\u0107 swo\u00adje infor\u00adma\u00adcje oso\u00adbi\u00adste w&nbsp;dowol\u00adnej chwi\u00adli (nie licz\u0105c nazwy u\u017cyt\u00adkow\u00adni\u00adka, kt\u00f3\u00adrej nie mo\u017c\u00adna zmie\u00adni\u0107). Admi\u00adni\u00adstra\u00adto\u00adrzy stro\u00adny r\u00f3w\u00adnie\u017c mog\u0105 prze\u00adgl\u0105\u00adda\u0107 i&nbsp;mody\u00adfi\u00adko\u00adwa\u0107 te informacje.<\/p>\n<p style=\"text-align: justify;\"><strong>Jakie masz pra\u00adwa do swo\u00adich danych<\/strong><br>\nJe\u015bli masz kon\u00adto u\u017cyt\u00adkow\u00adni\u00adka albo doda\u00ad\u0142e\u015b komen\u00adta\u00adrze w&nbsp;tej witry\u00adnie, mo\u017cesz za\u017c\u0105\u00adda\u0107 dostar\u00adcze\u00adnia pli\u00adku z&nbsp;wyeks\u00adpor\u00adto\u00adwa\u00adnym kom\u00adple\u00adtem two\u00adich danych oso\u00adbi\u00adstych b\u0119d\u0105\u00adcych w&nbsp;naszym posia\u00adda\u00adniu, w&nbsp;tym ca\u0142o\u015b\u0107 tych dostar\u00adczo\u00adnych przez cie\u00adbie. Mo\u017cesz r\u00f3w\u00adnie\u017c za\u017c\u0105\u00adda\u0107 usu\u00adni\u0119\u00adcia przez nas ca\u0142o\u00ad\u015bci two\u00adich danych oso\u00adbi\u00adstych w&nbsp;naszym posia\u00adda\u00adniu. Nie doty\u00adczy to \u017cad\u00adnych danych kt\u00f3\u00adre jeste\u00ad\u015bmy zobli\u00adgo\u00adwa\u00adni zacho\u00adwa\u0107 ze wzgl\u0119\u00add\u00f3w admi\u00adni\u00adstra\u00adcyj\u00adnych, praw\u00adnych albo bezpiecze\u0144stwa.<\/p>\n<p style=\"text-align: justify;\"><strong>Gdzie prze\u00adsy\u00ad\u0142a\u00admy&nbsp;dane<\/strong><br>\nKomen\u00adta\u00adrze go\u015bci mog\u0105 by\u0107 spraw\u00addza\u00adne za pomo\u00adc\u0105 auto\u00adma\u00adtycz\u00adnej us\u0142u\u00adgi wykry\u00adwa\u00adnia&nbsp;spamu.<\/p>\n<p style=\"text-align: justify;\"><strong>Two\u00adje dane kontaktowe<\/strong><br>\nNas nie inte\u00adre\u00adsu\u00adj\u0105 i&nbsp;nie prze\u00adtwa\u00adrza\u00admy&nbsp;ich.<\/p>\n<p style=\"text-align: justify;\"><strong>Infor\u00adma\u00adcje dodatkowe<\/strong><br>\n<strong>Jak chro\u00adni\u00admy two\u00adje&nbsp;dane?<\/strong><br>\nJakie mamy obo\u00adwi\u0105\u00adzu\u00adj\u0105\u00adce pro\u00adce\u00addu\u00adry w&nbsp;przy\u00adpad\u00adku naru\u00adsze\u00adnia pry\u00adwat\u00adno\u00ad\u015bci danych KIODO<br>\nOd jakich stron trze\u00adcich otrzy\u00admu\u00adje\u00admy&nbsp;dane<br>\nJakie auto\u00adma\u00adtycz\u00adne podej\u00admo\u00adwa\u00adnie decy\u00adzji i\/lub two\u00adrze\u00adnie pro\u00adfi\u00adli prze\u00adpro\u00adwa\u00addza\u00admy z&nbsp;u\u017cy\u00adciem danych u\u017cytkownika<br>\nBran\u00ad\u017co\u00adwe wymo\u00adgi regu\u00adla\u00adcyj\u00adne doty\u00adcz\u0105\u00adce ujaw\u00adnia\u00adnia infor\u00adma\u00adcji&nbsp;KIODO<\/p>\n","protected":false},"excerpt":{"rendered":"<p>Kim jeste\u00ad\u015bmy Adres naszej stro\u00adny inter\u00adne\u00adto\u00adwej to: https:\/\/www.parafia-czersk.pl PARAFIA RZYMSKOKATOLICKA&nbsp; W&nbsp;CZERSKU,&nbsp; ul. KO\u015aCIUSZKI 34 89\u2009\u2013\u2009650 CZERSK Jakie dane oso\u00adbi\u00adste zbie\u00adra\u00admy i&nbsp;dla\u00adcze\u00adgo je zbie\u00adra\u00admy Komen\u00adta\u00adrze Kie\u00addy odwie\u00addza\u00adj\u0105\u00adcy witry\u00adn\u0119 zosta\u00adwia komen\u00adtarz, zbie\u00adra\u00admy dane widocz\u00adne w&nbsp;for\u00admu\u00adla\u00adrzu komen\u00adto\u00adwa\u00adnia, jak i&nbsp;adres IP odwie\u00addza\u00adj\u0105\u00adce\u00adgo oraz \u2026 <a href=\"https:\/\/www.parafia-czersk.pl\/?page_id=3\">Czy\u00adtaj dalej <span class=\"meta-nav\">\u2192<\/span><\/a><\/p>\n","protected":false},"author":1,"featured_media":0,"parent":0,"menu_order":9,"comment_status":"closed","ping_status":"open","template":"sidebar-page.php","meta":{"pagelayer_contact_templates":[],"_pagelayer_content":"","wp_typography_post_enhancements_disabled":false,"footnotes":""},"class_list":["post-3","page","type-page","status-publish","hentry"],"aioseo_notices":[],"_links":{"self":[{"href":"https:\/\/www.parafia-czersk.pl\/index.php?rest_route=\/wp\/v2\/pages\/3","targetHints":{"allow":["GET"]}}],"collection":[{"href":"https:\/\/www.parafia-czersk.pl\/index.php?rest_route=\/wp\/v2\/pages"}],"about":[{"href":"https:\/\/www.parafia-czersk.pl\/index.php?rest_route=\/wp\/v2\/types\/page"}],"author":[{"embeddable":true,"href":"https:\/\/www.parafia-czersk.pl\/index.php?rest_route=\/wp\/v2\/users\/1"}],"replies":[{"embeddable":true,"href":"https:\/\/www.parafia-czersk.pl\/index.php?rest_route=%2Fwp%2Fv2%2Fcomments&post=3"}],"version-history":[{"count":7,"href":"https:\/\/www.parafia-czersk.pl\/index.php?rest_route=\/wp\/v2\/pages\/3\/revisions"}],"predecessor-version":[{"id":273,"href":"https:\/\/www.parafia-czersk.pl\/index.php?rest_route=\/wp\/v2\/pages\/3\/revisions\/273"}],"wp:attachment":[{"href":"https:\/\/www.parafia-czersk.pl\/index.php?rest_route=%2Fwp%2Fv2%2Fmedia&parent=3"}],"curies":[{"name":"wp","href":"https:\/\/api.w.org\/{rel}","templated":true}]}}