{"id":428,"date":"2022-04-13T18:39:43","date_gmt":"2022-04-13T18:39:43","guid":{"rendered":"http:\/\/parafia-czersk.pl\/word2\/?page_id=428"},"modified":"2023-02-20T14:15:26","modified_gmt":"2023-02-20T14:15:26","slug":"remonty","status":"publish","type":"page","link":"https:\/\/www.parafia-czersk.pl\/?page_id=428","title":{"rendered":"Remonty"},"content":{"rendered":"<h2>PRACE PARAFIALNE W&nbsp;2022 R.<\/h2>\n<p>Insta\u00adla\u00adcja odgro\u00admo\u00adwa ca\u0142e\u00adgo ko\u015bcio\u0142a.<br>\nAlarm prze\u00adciw\u00adpo\u00ad\u017ca\u00adro\u00adwy ko\u015bcio\u00ad\u0142a (19 czuj\u00adni\u00adk\u00f3w po\u0142\u0105\u00adczo\u00adnych z&nbsp;kom\u00adpu\u00adte\u00adrem centralnym).<br>\nRemont du\u017cej sal\u00adki parafialnej.<br>\nWymia\u00adna pie\u00adca gazo\u00adwe\u00adgo w&nbsp;wikariatce.<br>\nNapra\u00adwa ogro\u00addze\u00adnia ogro\u00addu, znisz\u00adczo\u00adne\u00adgo pod\u00adczas wichury.<br>\nWymia\u00adna dw\u00f3ch lamp na ko\u015bciele.<br>\nReno\u00adwa\u00adcja muru ogro\u00addze\u00adnia wok\u00f3\u0142 ko\u015bcio\u0142a.<br>\nMalo\u00adwa\u00adnie pre\u00adzbi\u00adte\u00adrium ko\u015bcio\u0142a.<br>\nZmia\u00adna o\u015bwie\u00adtle\u00adnia prezbiterium.<br>\nReno\u00adwa\u00adcja kruch\u00adty pod wie\u00ad\u017c\u0105 i&nbsp;zain\u00adsta\u00adlo\u00adwa\u00adnie nowe\u00adgo o\u015bwietlenia.<br>\nReno\u00adwa\u00adcja trzech kon\u00adfe\u00adsjo\u00adna\u00ad\u0142\u00f3w i&nbsp;trzech kl\u0119cznik\u00f3w.<br>\nWycin\u00adka uschni\u0119\u00adtych drzew przy ko\u015bciele.<\/p>\n<p style=\"text-align: justify;\"><strong>PRACE REMONTOWE 2021<\/strong><\/p>\n<ul>\n<li>o\u015bwie\u00adtle\u00adnie o\u0142ta\u00adrzy bocznych<\/li>\n<li>zmia\u00adna insta\u00adla\u00adcji elek\u00adtrycz\u00adnej pod\u00adda\u00adsza i&nbsp;kot\u0142owni<\/li>\n<li>klomb przed ko\u015bcio\u0142em<\/li>\n<li>napra\u00adwa monitoringu<\/li>\n<li>reno\u00adwa\u00adcja naczy\u0144 litur\u00adgicz\u00adnych, lich\u00adta\u00adrzy, krzy\u00ad\u017cy i&nbsp;relikwiarza<\/li>\n<li>zakup nowych kin\u00adkie\u00adt\u00f3w do o\u0142ta\u00adrza \u015bw. Marii Magdaleny&nbsp;*<\/li>\n<li>reno\u00adwa\u00adcja bra\u00admy cmen\u00adtar\u00adnej z&nbsp;figu\u00adr\u0105 Chrystusa<\/li>\n<li>zakup zewn\u0119trz\u00adnych lamp nad wej\u00ad\u015bcia\u00admi do ko\u015bcio\u0142a<\/li>\n<li>zakup 4&nbsp;mikro\u00adfo\u00adn\u00f3w i&nbsp;statyw\u00f3w<\/li>\n<li>reno\u00adwa\u00adcja drzwi wej\u00ad\u015bcio\u00adwych do ko\u015bcio\u0142a<\/li>\n<li>remont miesz\u00adka\u00adnia wika\u00adriu\u00adszow\u00adskie\u00adgo (wymia\u00adna okien, kalo\u00adry\u00adfe\u00adr\u00f3w, pod\u00ad\u0142\u00f3g, drzwi i&nbsp;remont z&nbsp;wypo\u00adsa\u00ad\u017ce\u00adniem \u0142azienki)<\/li>\n<li>cz\u0119\u00ad\u015bcio\u00adwy remont sal\u00adki i&nbsp;przy\u00adle\u00adg\u0142ej kuchni<\/li>\n<li>remont gara\u00ad\u017cy<\/li>\n<li>dal\u00adsze pra\u00adce remon\u00adto\u00adwe na ko\u015bciele<\/li>\n<li>zakup lich\u00adta\u00adrzy mosi\u0119\u017c\u00adnych (4) i&nbsp;krzy\u00ad\u017ca pro\u00adce\u00adsyj\u00adne\u00adgo przed o\u0142tarz<\/li>\n<\/ul>\n<h2><\/h2>\n<h2>Renowacja dachu i&nbsp;elewacji ko\u015bcio\u0142a (2016 \u20112022)<\/h2>\n\n\t\t<style type=\"text\/css\">\n\t\t\t#gallery-1 {\n\t\t\t\tmargin: auto;\n\t\t\t}\n\t\t\t#gallery-1 .gallery-item {\n\t\t\t\tfloat: left;\n\t\t\t\tmargin-top: 10px;\n\t\t\t\ttext-align: center;\n\t\t\t\twidth: 33%;\n\t\t\t}\n\t\t\t#gallery-1 img {\n\t\t\t\tborder: 2px solid #cfcfcf;\n\t\t\t}\n\t\t\t#gallery-1 .gallery-caption {\n\t\t\t\tmargin-left: 0;\n\t\t\t}\n\t\t\t\/* see gallery_shortcode() in wp-includes\/media.php *\/\n\t\t<\/style>\n\t\t<div id=\"gallery-1\" class=\"gallery galleryid-428 gallery-columns-3 gallery-size-thumbnail\"><dl class=\"gallery-item\">\n\t\t\t<dt class=\"gallery-icon landscape\">\n\t\t\t\t<a href=\"https:\/\/www.parafia-czersk.pl\/word2\/wp-content\/uploads\/2022\/05\/k12.jpg\" rel=\"lightbox[gallery-0]\"><img loading=\"lazy\" decoding=\"async\" width=\"150\" height=\"150\" src=\"https:\/\/www.parafia-czersk.pl\/word2\/wp-content\/uploads\/2022\/05\/k12-150x150.jpg\" class=\"attachment-thumbnail size-thumbnail\" alt=\"Renowacja dachu i elewacji ko\u015bcio\u0142a (2016 -2022)\"><\/a>\n\t\t\t<\/dt><\/dl><dl class=\"gallery-item\">\n\t\t\t<dt class=\"gallery-icon landscape\">\n\t\t\t\t<a href=\"https:\/\/www.parafia-czersk.pl\/word2\/wp-content\/uploads\/2022\/05\/k11.jpg\" rel=\"lightbox[gallery-0]\"><img loading=\"lazy\" decoding=\"async\" width=\"150\" height=\"150\" src=\"https:\/\/www.parafia-czersk.pl\/word2\/wp-content\/uploads\/2022\/05\/k11-150x150.jpg\" class=\"attachment-thumbnail size-thumbnail\" alt><\/a>\n\t\t\t<\/dt><\/dl><dl class=\"gallery-item\">\n\t\t\t<dt class=\"gallery-icon landscape\">\n\t\t\t\t<a href=\"https:\/\/www.parafia-czersk.pl\/word2\/wp-content\/uploads\/2022\/05\/k10.jpg\" rel=\"lightbox[gallery-0]\"><img loading=\"lazy\" decoding=\"async\" width=\"150\" height=\"150\" src=\"https:\/\/www.parafia-czersk.pl\/word2\/wp-content\/uploads\/2022\/05\/k10-150x150.jpg\" class=\"attachment-thumbnail size-thumbnail\" alt><\/a>\n\t\t\t<\/dt><\/dl><br style=\"clear: both\"><dl class=\"gallery-item\">\n\t\t\t<dt class=\"gallery-icon landscape\">\n\t\t\t\t<a href=\"https:\/\/www.parafia-czersk.pl\/word2\/wp-content\/uploads\/2022\/05\/k9.jpg\" rel=\"lightbox[gallery-0]\"><img loading=\"lazy\" decoding=\"async\" width=\"150\" height=\"150\" src=\"https:\/\/www.parafia-czersk.pl\/word2\/wp-content\/uploads\/2022\/05\/k9-150x150.jpg\" class=\"attachment-thumbnail size-thumbnail\" alt><\/a>\n\t\t\t<\/dt><\/dl><dl class=\"gallery-item\">\n\t\t\t<dt class=\"gallery-icon portrait\">\n\t\t\t\t<a href=\"https:\/\/www.parafia-czersk.pl\/word2\/wp-content\/uploads\/2022\/05\/k8.jpg\" rel=\"lightbox[gallery-0]\"><img loading=\"lazy\" decoding=\"async\" width=\"150\" height=\"150\" src=\"https:\/\/www.parafia-czersk.pl\/word2\/wp-content\/uploads\/2022\/05\/k8-150x150.jpg\" class=\"attachment-thumbnail size-thumbnail\" alt><\/a>\n\t\t\t<\/dt><\/dl><dl class=\"gallery-item\">\n\t\t\t<dt class=\"gallery-icon landscape\">\n\t\t\t\t<a href=\"https:\/\/www.parafia-czersk.pl\/word2\/wp-content\/uploads\/2022\/05\/k7.png\" rel=\"lightbox[gallery-0]\"><img loading=\"lazy\" decoding=\"async\" width=\"150\" height=\"150\" src=\"https:\/\/www.parafia-czersk.pl\/word2\/wp-content\/uploads\/2022\/05\/k7-150x150.png\" class=\"attachment-thumbnail size-thumbnail\" alt><\/a>\n\t\t\t<\/dt><\/dl><br style=\"clear: both\"><dl class=\"gallery-item\">\n\t\t\t<dt class=\"gallery-icon landscape\">\n\t\t\t\t<a href=\"https:\/\/www.parafia-czersk.pl\/word2\/wp-content\/uploads\/2022\/05\/k6.jpg\" rel=\"lightbox[gallery-0]\"><img loading=\"lazy\" decoding=\"async\" width=\"150\" height=\"150\" src=\"https:\/\/www.parafia-czersk.pl\/word2\/wp-content\/uploads\/2022\/05\/k6-150x150.jpg\" class=\"attachment-thumbnail size-thumbnail\" alt><\/a>\n\t\t\t<\/dt><\/dl><dl class=\"gallery-item\">\n\t\t\t<dt class=\"gallery-icon portrait\">\n\t\t\t\t<a href=\"https:\/\/www.parafia-czersk.pl\/word2\/wp-content\/uploads\/2022\/05\/k5.jpg\" rel=\"lightbox[gallery-0]\"><img loading=\"lazy\" decoding=\"async\" width=\"150\" height=\"150\" src=\"https:\/\/www.parafia-czersk.pl\/word2\/wp-content\/uploads\/2022\/05\/k5-150x150.jpg\" class=\"attachment-thumbnail size-thumbnail\" alt><\/a>\n\t\t\t<\/dt><\/dl><dl class=\"gallery-item\">\n\t\t\t<dt class=\"gallery-icon landscape\">\n\t\t\t\t<a href=\"https:\/\/www.parafia-czersk.pl\/word2\/wp-content\/uploads\/2022\/05\/k4.jpg\" rel=\"lightbox[gallery-0]\"><img loading=\"lazy\" decoding=\"async\" width=\"150\" height=\"150\" src=\"https:\/\/www.parafia-czersk.pl\/word2\/wp-content\/uploads\/2022\/05\/k4-150x150.jpg\" class=\"attachment-thumbnail size-thumbnail\" alt><\/a>\n\t\t\t<\/dt><\/dl><br style=\"clear: both\"><dl class=\"gallery-item\">\n\t\t\t<dt class=\"gallery-icon portrait\">\n\t\t\t\t<a href=\"https:\/\/www.parafia-czersk.pl\/word2\/wp-content\/uploads\/2022\/05\/k3.jpg\" rel=\"lightbox[gallery-0]\"><img loading=\"lazy\" decoding=\"async\" width=\"150\" height=\"150\" src=\"https:\/\/www.parafia-czersk.pl\/word2\/wp-content\/uploads\/2022\/05\/k3-150x150.jpg\" class=\"attachment-thumbnail size-thumbnail\" alt><\/a>\n\t\t\t<\/dt><\/dl><dl class=\"gallery-item\">\n\t\t\t<dt class=\"gallery-icon portrait\">\n\t\t\t\t<a href=\"https:\/\/www.parafia-czersk.pl\/word2\/wp-content\/uploads\/2022\/05\/k2.jpg\" rel=\"lightbox[gallery-0]\"><img loading=\"lazy\" decoding=\"async\" width=\"150\" height=\"150\" src=\"https:\/\/www.parafia-czersk.pl\/word2\/wp-content\/uploads\/2022\/05\/k2-150x150.jpg\" class=\"attachment-thumbnail size-thumbnail\" alt><\/a>\n\t\t\t<\/dt><\/dl><dl class=\"gallery-item\">\n\t\t\t<dt class=\"gallery-icon landscape\">\n\t\t\t\t<a href=\"https:\/\/www.parafia-czersk.pl\/word2\/wp-content\/uploads\/2022\/05\/k1.jpg\" rel=\"lightbox[gallery-0]\"><img loading=\"lazy\" decoding=\"async\" width=\"150\" height=\"150\" src=\"https:\/\/www.parafia-czersk.pl\/word2\/wp-content\/uploads\/2022\/05\/k1-150x150.jpg\" class=\"attachment-thumbnail size-thumbnail\" alt><\/a>\n\t\t\t<\/dt><\/dl><br style=\"clear: both\">\n\t\t<\/div>\n\n<h2>Remont dachu plebanii, kot\u0142owni (2018) i&nbsp;dawnych salek (2020)<\/h2>\n\n\t\t<style type=\"text\/css\">\n\t\t\t#gallery-2 {\n\t\t\t\tmargin: auto;\n\t\t\t}\n\t\t\t#gallery-2 .gallery-item {\n\t\t\t\tfloat: left;\n\t\t\t\tmargin-top: 10px;\n\t\t\t\ttext-align: center;\n\t\t\t\twidth: 33%;\n\t\t\t}\n\t\t\t#gallery-2 img {\n\t\t\t\tborder: 2px solid #cfcfcf;\n\t\t\t}\n\t\t\t#gallery-2 .gallery-caption {\n\t\t\t\tmargin-left: 0;\n\t\t\t}\n\t\t\t\/* see gallery_shortcode() in wp-includes\/media.php *\/\n\t\t<\/style>\n\t\t<div id=\"gallery-2\" class=\"gallery galleryid-428 gallery-columns-3 gallery-size-thumbnail\"><dl class=\"gallery-item\">\n\t\t\t<dt class=\"gallery-icon portrait\">\n\t\t\t\t<a href=\"https:\/\/www.parafia-czersk.pl\/word2\/wp-content\/uploads\/2022\/05\/r6.jpg\" rel=\"lightbox[gallery-0]\"><img loading=\"lazy\" decoding=\"async\" width=\"150\" height=\"150\" src=\"https:\/\/www.parafia-czersk.pl\/word2\/wp-content\/uploads\/2022\/05\/r6-150x150.jpg\" class=\"attachment-thumbnail size-thumbnail\" alt><\/a>\n\t\t\t<\/dt><\/dl><dl class=\"gallery-item\">\n\t\t\t<dt class=\"gallery-icon portrait\">\n\t\t\t\t<a href=\"https:\/\/www.parafia-czersk.pl\/word2\/wp-content\/uploads\/2022\/05\/r5.jpg\" rel=\"lightbox[gallery-0]\"><img loading=\"lazy\" decoding=\"async\" width=\"150\" height=\"150\" src=\"https:\/\/www.parafia-czersk.pl\/word2\/wp-content\/uploads\/2022\/05\/r5-150x150.jpg\" class=\"attachment-thumbnail size-thumbnail\" alt><\/a>\n\t\t\t<\/dt><\/dl><dl class=\"gallery-item\">\n\t\t\t<dt class=\"gallery-icon landscape\">\n\t\t\t\t<a href=\"https:\/\/www.parafia-czersk.pl\/word2\/wp-content\/uploads\/2022\/05\/r4.jpg\" rel=\"lightbox[gallery-0]\"><img loading=\"lazy\" decoding=\"async\" width=\"150\" height=\"150\" src=\"https:\/\/www.parafia-czersk.pl\/word2\/wp-content\/uploads\/2022\/05\/r4-150x150.jpg\" class=\"attachment-thumbnail size-thumbnail\" alt><\/a>\n\t\t\t<\/dt><\/dl><br style=\"clear: both\"><dl class=\"gallery-item\">\n\t\t\t<dt class=\"gallery-icon landscape\">\n\t\t\t\t<a href=\"https:\/\/www.parafia-czersk.pl\/word2\/wp-content\/uploads\/2022\/05\/r3.jpg\" rel=\"lightbox[gallery-0]\"><img loading=\"lazy\" decoding=\"async\" width=\"150\" height=\"150\" src=\"https:\/\/www.parafia-czersk.pl\/word2\/wp-content\/uploads\/2022\/05\/r3-150x150.jpg\" class=\"attachment-thumbnail size-thumbnail\" alt><\/a>\n\t\t\t<\/dt><\/dl><dl class=\"gallery-item\">\n\t\t\t<dt class=\"gallery-icon landscape\">\n\t\t\t\t<a href=\"https:\/\/www.parafia-czersk.pl\/word2\/wp-content\/uploads\/2022\/05\/r2.jpg\" rel=\"lightbox[gallery-0]\"><img loading=\"lazy\" decoding=\"async\" width=\"150\" height=\"150\" src=\"https:\/\/www.parafia-czersk.pl\/word2\/wp-content\/uploads\/2022\/05\/r2-150x150.jpg\" class=\"attachment-thumbnail size-thumbnail\" alt><\/a>\n\t\t\t<\/dt><\/dl><dl class=\"gallery-item\">\n\t\t\t<dt class=\"gallery-icon landscape\">\n\t\t\t\t<a href=\"https:\/\/www.parafia-czersk.pl\/word2\/wp-content\/uploads\/2022\/05\/r1.jpg\" rel=\"lightbox[gallery-0]\"><img loading=\"lazy\" decoding=\"async\" width=\"150\" height=\"150\" src=\"https:\/\/www.parafia-czersk.pl\/word2\/wp-content\/uploads\/2022\/05\/r1-150x150.jpg\" class=\"attachment-thumbnail size-thumbnail\" alt><\/a>\n\t\t\t<\/dt><\/dl><br style=\"clear: both\">\n\t\t<\/div>\n\n<h2>Renowacja figury \u015bw. Marii Magdaleny (2020) i&nbsp;drzwi wej\u015bciowych do ko\u015bcio\u0142a (2021)<\/h2>\n\n\t\t<style type=\"text\/css\">\n\t\t\t#gallery-3 {\n\t\t\t\tmargin: auto;\n\t\t\t}\n\t\t\t#gallery-3 .gallery-item {\n\t\t\t\tfloat: left;\n\t\t\t\tmargin-top: 10px;\n\t\t\t\ttext-align: center;\n\t\t\t\twidth: 50%;\n\t\t\t}\n\t\t\t#gallery-3 img {\n\t\t\t\tborder: 2px solid #cfcfcf;\n\t\t\t}\n\t\t\t#gallery-3 .gallery-caption {\n\t\t\t\tmargin-left: 0;\n\t\t\t}\n\t\t\t\/* see gallery_shortcode() in wp-includes\/media.php *\/\n\t\t<\/style>\n\t\t<div id=\"gallery-3\" class=\"gallery galleryid-428 gallery-columns-2 gallery-size-thumbnail\"><dl class=\"gallery-item\">\n\t\t\t<dt class=\"gallery-icon portrait\">\n\t\t\t\t<a href=\"https:\/\/www.parafia-czersk.pl\/word2\/wp-content\/uploads\/2022\/05\/m1.jpg\" rel=\"lightbox[gallery-0]\"><img loading=\"lazy\" decoding=\"async\" width=\"150\" height=\"150\" src=\"https:\/\/www.parafia-czersk.pl\/word2\/wp-content\/uploads\/2022\/05\/m1-150x150.jpg\" class=\"attachment-thumbnail size-thumbnail\" alt><\/a>\n\t\t\t<\/dt><\/dl><dl class=\"gallery-item\">\n\t\t\t<dt class=\"gallery-icon portrait\">\n\t\t\t\t<a href=\"https:\/\/www.parafia-czersk.pl\/word2\/wp-content\/uploads\/2022\/05\/m2.jpg\" rel=\"lightbox[gallery-0]\"><img loading=\"lazy\" decoding=\"async\" width=\"150\" height=\"150\" src=\"https:\/\/www.parafia-czersk.pl\/word2\/wp-content\/uploads\/2022\/05\/m2-150x150.jpg\" class=\"attachment-thumbnail size-thumbnail\" alt><\/a>\n\t\t\t<\/dt><\/dl><br style=\"clear: both\">\n\t\t<\/div>\n\n<h2>Brama cmentarna (2021)<\/h2>\n\n\t\t<style type=\"text\/css\">\n\t\t\t#gallery-4 {\n\t\t\t\tmargin: auto;\n\t\t\t}\n\t\t\t#gallery-4 .gallery-item {\n\t\t\t\tfloat: left;\n\t\t\t\tmargin-top: 10px;\n\t\t\t\ttext-align: center;\n\t\t\t\twidth: 50%;\n\t\t\t}\n\t\t\t#gallery-4 img {\n\t\t\t\tborder: 2px solid #cfcfcf;\n\t\t\t}\n\t\t\t#gallery-4 .gallery-caption {\n\t\t\t\tmargin-left: 0;\n\t\t\t}\n\t\t\t\/* see gallery_shortcode() in wp-includes\/media.php *\/\n\t\t<\/style>\n\t\t<div id=\"gallery-4\" class=\"gallery galleryid-428 gallery-columns-2 gallery-size-thumbnail\"><dl class=\"gallery-item\">\n\t\t\t<dt class=\"gallery-icon landscape\">\n\t\t\t\t<a href=\"https:\/\/www.parafia-czersk.pl\/word2\/wp-content\/uploads\/2022\/05\/m3.jpg\" rel=\"lightbox[gallery-0]\"><img loading=\"lazy\" decoding=\"async\" width=\"150\" height=\"150\" src=\"https:\/\/www.parafia-czersk.pl\/word2\/wp-content\/uploads\/2022\/05\/m3-150x150.jpg\" class=\"attachment-thumbnail size-thumbnail\" alt><\/a>\n\t\t\t<\/dt><\/dl><dl class=\"gallery-item\">\n\t\t\t<dt class=\"gallery-icon landscape\">\n\t\t\t\t<a href=\"https:\/\/www.parafia-czersk.pl\/word2\/wp-content\/uploads\/2022\/05\/m4.jpg\" rel=\"lightbox[gallery-0]\"><img loading=\"lazy\" decoding=\"async\" width=\"150\" height=\"150\" src=\"https:\/\/www.parafia-czersk.pl\/word2\/wp-content\/uploads\/2022\/05\/m4-150x150.jpg\" class=\"attachment-thumbnail size-thumbnail\" alt><\/a>\n\t\t\t<\/dt><\/dl><br style=\"clear: both\">\n\t\t<\/div>\n\n","protected":false},"excerpt":{"rendered":"<p>PRACE PARAFIALNE W&nbsp;2022 R. Insta\u00adla\u00adcja odgro\u00admo\u00adwa ca\u0142e\u00adgo ko\u015bcio\u00ad\u0142a. Alarm prze\u00adciw\u00adpo\u00ad\u017ca\u00adro\u00adwy ko\u015bcio\u00ad\u0142a (19 czuj\u00adni\u00adk\u00f3w po\u0142\u0105\u00adczo\u00adnych z&nbsp;kom\u00adpu\u00adte\u00adrem cen\u00adtral\u00adnym). Remont du\u017cej sal\u00adki para\u00adfial\u00adnej. Wymia\u00adna pie\u00adca gazo\u00adwe\u00adgo w&nbsp;wika\u00adriat\u00adce. Napra\u00adwa ogro\u00addze\u00adnia ogro\u00addu, znisz\u00adczo\u00adne\u00adgo pod\u00adczas wichu\u00adry. Wymia\u00adna dw\u00f3ch lamp na ko\u015bcie\u00adle. Reno\u00adwa\u00adcja muru ogro\u00addze\u00adnia wok\u00f3\u0142 ko\u015bcio\u00ad\u0142a. \u2026 <a href=\"https:\/\/www.parafia-czersk.pl\/?page_id=428\">Czy\u00adtaj dalej <span class=\"meta-nav\">\u2192<\/span><\/a><\/p>\n","protected":false},"author":1,"featured_media":0,"parent":0,"menu_order":0,"comment_status":"closed","ping_status":"closed","template":"","meta":{"pagelayer_contact_templates":[],"_pagelayer_content":"","wp_typography_post_enhancements_disabled":false,"footnotes":""},"class_list":["post-428","page","type-page","status-publish","hentry"],"aioseo_notices":[],"_links":{"self":[{"href":"https:\/\/www.parafia-czersk.pl\/index.php?rest_route=\/wp\/v2\/pages\/428","targetHints":{"allow":["GET"]}}],"collection":[{"href":"https:\/\/www.parafia-czersk.pl\/index.php?rest_route=\/wp\/v2\/pages"}],"about":[{"href":"https:\/\/www.parafia-czersk.pl\/index.php?rest_route=\/wp\/v2\/types\/page"}],"author":[{"embeddable":true,"href":"https:\/\/www.parafia-czersk.pl\/index.php?rest_route=\/wp\/v2\/users\/1"}],"replies":[{"embeddable":true,"href":"https:\/\/www.parafia-czersk.pl\/index.php?rest_route=%2Fwp%2Fv2%2Fcomments&post=428"}],"version-history":[{"count":9,"href":"https:\/\/www.parafia-czersk.pl\/index.php?rest_route=\/wp\/v2\/pages\/428\/revisions"}],"predecessor-version":[{"id":1118,"href":"https:\/\/www.parafia-czersk.pl\/index.php?rest_route=\/wp\/v2\/pages\/428\/revisions\/1118"}],"wp:attachment":[{"href":"https:\/\/www.parafia-czersk.pl\/index.php?rest_route=%2Fwp%2Fv2%2Fmedia&parent=428"}],"curies":[{"name":"wp","href":"https:\/\/api.w.org\/{rel}","templated":true}]}}